{"id":3240,"date":"2020-07-07T14:29:38","date_gmt":"2020-07-07T14:29:38","guid":{"rendered":"https:\/\/canjan.com\/quote-request\/"},"modified":"2026-03-20T15:40:44","modified_gmt":"2026-03-20T19:40:44","slug":"demandez-une-soumission-gratuite","status":"publish","type":"page","link":"https:\/\/canjan.com\/fr\/demandez-une-soumission-gratuite\/","title":{"rendered":"Demandez votre soumission gratuit"},"content":{"rendered":"<p>[et_pb_section fb_built=\u00a0\u00bb1&Prime; fullwidth=\u00a0\u00bboff\u00a0\u00bb specialty=\u00a0\u00bboff\u00a0\u00bb background_color=\u00a0\u00bb#1a2b4a\u00a0\u00bb custom_padding=\u00a0\u00bb80px||80px||true|false\u00a0\u00bb _builder_version=\u00a0\u00bb4.9.4&Prime; background_image=\u00a0\u00bbhttps:\/\/canjan.com\/wp-content\/uploads\/2020\/08\/commercial-cleaning-hero.jpg\u00a0\u00bb use_background_color_gradient=\u00a0\u00bbon\u00a0\u00bb background_color_gradient_start=\u00a0\u00bbrgba(26,43,74,0.92)\u00a0\u00bb background_color_gradient_end=\u00a0\u00bbrgba(26,43,74,0.75)\u00a0\u00bb][et_pb_row _builder_version=\u00a0\u00bb4.9.4&Prime; max_width=\u00a0\u00bb900px\u00a0\u00bb][et_pb_column type=\u00a0\u00bb4_4&Prime; _builder_version=\u00a0\u00bb4.9.4&Prime;][et_pb_text _builder_version=\u00a0\u00bb4.9.4&Prime; header_font=\u00a0\u00bb|700|||||||\u00a0\u00bb header_text_align=\u00a0\u00bbcenter\u00a0\u00bb header_text_color=\u00a0\u00bb#ffffff\u00a0\u00bb header_font_size=\u00a0\u00bb48px\u00a0\u00bb header_2_font=\u00a0\u00bb|600|||||||\u00a0\u00bb header_2_text_color=\u00a0\u00bbrgba(255,255,255,0.9)\u00a0\u00bb header_2_text_align=\u00a0\u00bbcenter\u00a0\u00bb header_2_font_size=\u00a0\u00bb22px\u00a0\u00bb]<\/p>\n<h1>Demande de Soumission Gratuite<\/h1>\n<h2>D\u00e9crivez vos besoins en nettoyage \u2014 nous r\u00e9pondons en moins de 24 heures<\/h2>\n<p>[\/et_pb_text][\/et_pb_column][\/et_pb_row][\/et_pb_section][et_pb_section fb_built=\u00a0\u00bb1&Prime; background_color=\u00a0\u00bb#ffffff\u00a0\u00bb custom_padding=\u00a0\u00bb70px||70px||true|false\u00a0\u00bb _builder_version=\u00a0\u00bb4.9.4&Prime;][et_pb_row column_structure=\u00a0\u00bb1_2,1_2&Prime; _builder_version=\u00a0\u00bb4.9.4&Prime;][et_pb_column type=\u00a0\u00bb1_2&Prime; _builder_version=\u00a0\u00bb4.9.4&Prime;][et_pb_text _builder_version=\u00a0\u00bb4.9.4&Prime; header_2_font=\u00a0\u00bb|700|||||||\u00a0\u00bb header_2_text_color=\u00a0\u00bb#1a2b4a\u00a0\u00bb header_2_font_size=\u00a0\u00bb28px\u00a0\u00bb text_font_size=\u00a0\u00bb16px\u00a0\u00bb text_line_height=\u00a0\u00bb1.9em\u00a0\u00bb]<\/p>\n<h2>Pourquoi choisir Can-Jan?<\/h2>\n<p>Depuis 1961, Can-Jan est le partenaire de confiance en entretien m\u00e9nager commercial des entreprises montr\u00e9alaises. Nos \u00e9quipes certifi\u00e9es livrent des r\u00e9sultats impeccables, adapt\u00e9s \u00e0 votre environnement et votre horaire.<\/p>\n<ul>\n<li>\u2705 Plus de 60 ans au service de Montr\u00e9al<\/li>\n<li>\u2705 Personnel certifi\u00e9, v\u00e9rifi\u00e9 et assur\u00e9<\/li>\n<li>\u2705 Produits \u00e9cologiques et sans danger<\/li>\n<li>\u2705 Disponible 7 jours, soirs et fins de semaine<\/li>\n<li>\u2705 Soumission gratuite sans engagement sous 24h<\/li>\n<li>\u2705 Service bilingue (fran\u00e7ais et anglais)<\/li>\n<\/ul>\n<p><strong>\ud83d\udcde T\u00e9l\u00e9phone:<\/strong><br \/><a href=\"tel:+15143650050\" style=\"color:#1a2b4a;font-weight:700;\">(514) 365-0050<\/a><\/p>\n<p><strong>\ud83d\udcac WhatsApp:<\/strong><br \/><a href=\"https:\/\/wa.me\/15143650050\" target=\"_blank\" style=\"color:#1a2b4a;\">Chattez avec nous<\/a><\/p>\n<p>[\/et_pb_text][\/et_pb_column][et_pb_column type=\u00a0\u00bb1_2&Prime; _builder_version=\u00a0\u00bb4.9.4&Prime;][et_pb_text _builder_version=\u00a0\u00bb4.9.4&Prime; header_2_font=\u00a0\u00bb|700|||||||\u00a0\u00bb header_2_text_color=\u00a0\u00bb#1a2b4a\u00a0\u00bb header_2_font_size=\u00a0\u00bb28px\u00a0\u00bb background_color=\u00a0\u00bb#f4f6fb\u00a0\u00bb custom_padding=\u00a0\u00bb30px|30px|10px|30px|true|true\u00a0\u00bb border_radii=\u00a0\u00bbon|8px|8px|0px|0px\u00a0\u00bb]<\/p>\n<h2>Obtenir Ma Soumission<\/h2>\n<p>[\/et_pb_text][et_pb_contact_form captcha=\u00a0\u00bboff\u00a0\u00bb success_message=\u00a0\u00bbMerci! Nous vous contacterons dans les 24 heures.\u00a0\u00bb submit_button_text=\u00a0\u00bbEnvoyer ma demande\u00a0\u00bb _builder_version=\u00a0\u00bb4.9.4&Prime; form_field_background_color=\u00a0\u00bb#ffffff\u00a0\u00bb custom_button=\u00a0\u00bbon\u00a0\u00bb button_text_color=\u00a0\u00bb#ffffff\u00a0\u00bb button_bg_color=\u00a0\u00bb#e63946&Prime; button_border_width=\u00a0\u00bb0px\u00a0\u00bb button_border_radius=\u00a0\u00bb4px\u00a0\u00bb button_font=\u00a0\u00bb|700|||||||\u00a0\u00bb button_font_size=\u00a0\u00bb16px\u00a0\u00bb custom_padding=\u00a0\u00bb0px|30px|30px|30px|false|true\u00a0\u00bb background_color=\u00a0\u00bb#f4f6fb\u00a0\u00bb border_radii=\u00a0\u00bbon|0px|0px|8px|8px\u00a0\u00bb][et_pb_contact_field field_title=\u00a0\u00bbVotre nom\u00a0\u00bb field_type=\u00a0\u00bbinput\u00a0\u00bb required_mark=\u00a0\u00bbon\u00a0\u00bb _builder_version=\u00a0\u00bb4.9.4&Prime;][\/et_pb_contact_field][et_pb_contact_field field_title=\u00a0\u00bbAdresse courriel\u00a0\u00bb field_type=\u00a0\u00bbemail\u00a0\u00bb required_mark=\u00a0\u00bbon\u00a0\u00bb _builder_version=\u00a0\u00bb4.9.4&Prime;][\/et_pb_contact_field][et_pb_contact_field field_title=\u00a0\u00bbNum\u00e9ro de t\u00e9l\u00e9phone\u00a0\u00bb field_type=\u00a0\u00bbinput\u00a0\u00bb _builder_version=\u00a0\u00bb4.9.4&Prime;][\/et_pb_contact_field][et_pb_contact_field field_title=\u00a0\u00bbType d&rsquo;\u00e9tablissement\u00a0\u00bb field_type=\u00a0\u00bbinput\u00a0\u00bb _builder_version=\u00a0\u00bb4.9.4&Prime;][\/et_pb_contact_field][et_pb_contact_field field_title=\u00a0\u00bbServices souhait\u00e9s\u00a0\u00bb field_type=\u00a0\u00bbtext\u00a0\u00bb _builder_version=\u00a0\u00bb4.9.4&Prime;][\/et_pb_contact_field][\/et_pb_contact_form][\/et_pb_column][\/et_pb_row][\/et_pb_section][et_pb_section fb_built=\u00a0\u00bb1&Prime; background_color=\u00a0\u00bb#f4f6fb\u00a0\u00bb custom_padding=\u00a0\u00bb60px||60px||true|false\u00a0\u00bb _builder_version=\u00a0\u00bb4.9.4&Prime;][et_pb_row column_structure=\u00a0\u00bb1_3,1_3,1_3&Prime; _builder_version=\u00a0\u00bb4.9.4&Prime;][et_pb_column type=\u00a0\u00bb1_3&Prime; _builder_version=\u00a0\u00bb4.9.4&Prime;][et_pb_blurb title=\u00a0\u00bbBureaux &amp; Corporatif\u00a0\u00bb use_icon=\u00a0\u00bbon\u00a0\u00bb font_icon=\u00a0\u00bb&#xf1ad;\u00a0\u00bb icon_color=\u00a0\u00bb#e63946&Prime; _builder_version=\u00a0\u00bb4.9.4&Prime; header_font=\u00a0\u00bb|700|||||||\u00a0\u00bb header_text_color=\u00a0\u00bb#1a2b4a\u00a0\u00bb text_font_size=\u00a0\u00bb15px\u00a0\u00bb text_line_height=\u00a0\u00bb1.7em\u00a0\u00bb text_text_align=\u00a0\u00bbcenter\u00a0\u00bb header_text_align=\u00a0\u00bbcenter\u00a0\u00bb]Immeubles de bureaux, si\u00e8ges sociaux, espaces de coworking[\/et_pb_blurb][\/et_pb_column][et_pb_column type=\u00a0\u00bb1_3&Prime; _builder_version=\u00a0\u00bb4.9.4&Prime;][et_pb_blurb title=\u00a0\u00bbCommerce &amp; H\u00f4tellerie\u00a0\u00bb use_icon=\u00a0\u00bbon\u00a0\u00bb font_icon=\u00a0\u00bb&#xf290;\u00a0\u00bb icon_color=\u00a0\u00bb#e63946&Prime; _builder_version=\u00a0\u00bb4.9.4&Prime; header_font=\u00a0\u00bb|700|||||||\u00a0\u00bb header_text_color=\u00a0\u00bb#1a2b4a\u00a0\u00bb text_font_size=\u00a0\u00bb15px\u00a0\u00bb text_line_height=\u00a0\u00bb1.7em\u00a0\u00bb text_text_align=\u00a0\u00bbcenter\u00a0\u00bb header_text_align=\u00a0\u00bbcenter\u00a0\u00bb]Boutiques, restaurants, h\u00f4tels et lieux de divertissement[\/et_pb_blurb][\/et_pb_column][et_pb_column type=\u00a0\u00bb1_3&Prime; _builder_version=\u00a0\u00bb4.9.4&Prime;][et_pb_blurb title=\u00a0\u00bbSant\u00e9 &amp; A\u00een\u00e9s\u00a0\u00bb use_icon=\u00a0\u00bbon\u00a0\u00bb font_icon=\u00a0\u00bb&#xf21e;\u00a0\u00bb icon_color=\u00a0\u00bb#e63946&Prime; _builder_version=\u00a0\u00bb4.9.4&Prime; header_font=\u00a0\u00bb|700|||||||\u00a0\u00bb header_text_color=\u00a0\u00bb#1a2b4a\u00a0\u00bb text_font_size=\u00a0\u00bb15px\u00a0\u00bb text_line_height=\u00a0\u00bb1.7em\u00a0\u00bb text_text_align=\u00a0\u00bbcenter\u00a0\u00bb header_text_align=\u00a0\u00bbcenter\u00a0\u00bb]Cliniques, r\u00e9sidences pour a\u00een\u00e9s et \u00e9tablissements sp\u00e9cialis\u00e9s[\/et_pb_blurb][\/et_pb_column][\/et_pb_row][\/et_pb_section]<\/p>\n","protected":false},"excerpt":{"rendered":"<p>Demande de Soumission GratuiteD\u00e9crivez vos besoins en nettoyage \u2014 nous r\u00e9pondons en moins de 24 heuresPourquoi choisir Can-Jan?Depuis 1961, Can-Jan est le partenaire de confiance en entretien m\u00e9nager commercial des entreprises montr\u00e9alaises. Nos \u00e9quipes certifi\u00e9es livrent des r\u00e9sultats impeccables, adapt\u00e9s \u00e0 votre environnement et votre horaire.\u2705 Plus de 60 ans au service de Montr\u00e9al\u2705 Personnel [&hellip;]<\/p>\n","protected":false},"author":2,"featured_media":0,"parent":0,"menu_order":0,"comment_status":"closed","ping_status":"closed","template":"","meta":{"_et_pb_use_builder":"on","_et_pb_old_content":"","_et_gb_content_width":"","footnotes":""},"class_list":["post-3240","page","type-page","status-publish","hentry"],"yoast_head":"<!-- This site is optimized with the Yoast SEO plugin v27.3 - https:\/\/yoast.com\/product\/yoast-seo-wordpress\/ -->\n<title>Soumission gratuite \u2013 CAN-JAN Services de nettoyage<\/title>\n<meta name=\"description\" content=\"Demandez votre soumission gratuit - Services de conciergerie commerciale- D\u00e9sinfection COVID-19 - Bureaux - Entrep\u00f4ts - Service 24\/7\" \/>\n<meta name=\"robots\" content=\"index, follow, max-snippet:-1, max-image-preview:large, max-video-preview:-1\" \/>\n<link rel=\"canonical\" href=\"https:\/\/canjan.com\/fr\/demandez-une-soumission-gratuite\/\" \/>\n<meta property=\"og:locale\" content=\"fr_FR\" \/>\n<meta property=\"og:type\" content=\"article\" \/>\n<meta property=\"og:title\" content=\"Soumission gratuite \u2013 CAN-JAN Services de nettoyage\" \/>\n<meta property=\"og:description\" content=\"Demandez votre soumission gratuit - Services de conciergerie commerciale- D\u00e9sinfection COVID-19 - Bureaux - Entrep\u00f4ts - Service 24\/7\" \/>\n<meta property=\"og:url\" content=\"https:\/\/canjan.com\/fr\/demandez-une-soumission-gratuite\/\" \/>\n<meta property=\"og:site_name\" content=\"Can-Jan Inc.\" \/>\n<meta property=\"article:publisher\" content=\"https:\/\/www.facebook.com\/canjaninc\" \/>\n<meta property=\"article:modified_time\" content=\"2026-03-20T19:40:44+00:00\" \/>\n<meta name=\"twitter:card\" content=\"summary_large_image\" \/>\n<meta name=\"twitter:site\" content=\"@canjaninc\" \/>\n<meta name=\"twitter:label1\" content=\"Dur\u00e9e de lecture estim\u00e9e\" \/>\n\t<meta name=\"twitter:data1\" content=\"2 minutes\" \/>\n<script type=\"application\/ld+json\" class=\"yoast-schema-graph\">{\"@context\":\"https:\\\/\\\/schema.org\",\"@graph\":[{\"@type\":\"Article\",\"@id\":\"https:\\\/\\\/canjan.com\\\/fr\\\/demandez-une-soumission-gratuite\\\/#article\",\"isPartOf\":{\"@id\":\"https:\\\/\\\/canjan.com\\\/fr\\\/demandez-une-soumission-gratuite\\\/\"},\"author\":{\"name\":\"Ryan Hayes\",\"@id\":\"https:\\\/\\\/canjan.com\\\/fr\\\/#\\\/schema\\\/person\\\/1c0ee754747b88278d8e1ed785635cdc\"},\"headline\":\"Demandez votre soumission gratuit\",\"datePublished\":\"2020-07-07T14:29:38+00:00\",\"dateModified\":\"2026-03-20T19:40:44+00:00\",\"mainEntityOfPage\":{\"@id\":\"https:\\\/\\\/canjan.com\\\/fr\\\/demandez-une-soumission-gratuite\\\/\"},\"wordCount\":726,\"publisher\":{\"@id\":\"https:\\\/\\\/canjan.com\\\/fr\\\/#organization\"},\"inLanguage\":\"fr-FR\"},{\"@type\":\"WebPage\",\"@id\":\"https:\\\/\\\/canjan.com\\\/fr\\\/demandez-une-soumission-gratuite\\\/\",\"url\":\"https:\\\/\\\/canjan.com\\\/fr\\\/demandez-une-soumission-gratuite\\\/\",\"name\":\"Soumission gratuite \u2013 CAN-JAN Services de nettoyage\",\"isPartOf\":{\"@id\":\"https:\\\/\\\/canjan.com\\\/fr\\\/#website\"},\"datePublished\":\"2020-07-07T14:29:38+00:00\",\"dateModified\":\"2026-03-20T19:40:44+00:00\",\"description\":\"Demandez votre soumission gratuit - Services de conciergerie commerciale- D\u00e9sinfection COVID-19 - Bureaux - Entrep\u00f4ts - Service 24\\\/7\",\"breadcrumb\":{\"@id\":\"https:\\\/\\\/canjan.com\\\/fr\\\/demandez-une-soumission-gratuite\\\/#breadcrumb\"},\"inLanguage\":\"fr-FR\",\"potentialAction\":[{\"@type\":\"ReadAction\",\"target\":[\"https:\\\/\\\/canjan.com\\\/fr\\\/demandez-une-soumission-gratuite\\\/\"]}]},{\"@type\":\"BreadcrumbList\",\"@id\":\"https:\\\/\\\/canjan.com\\\/fr\\\/demandez-une-soumission-gratuite\\\/#breadcrumb\",\"itemListElement\":[{\"@type\":\"ListItem\",\"position\":1,\"name\":\"Home\",\"item\":\"https:\\\/\\\/canjan.com\\\/fr\\\/\"},{\"@type\":\"ListItem\",\"position\":2,\"name\":\"Demandez votre soumission gratuit\"}]},{\"@type\":\"WebSite\",\"@id\":\"https:\\\/\\\/canjan.com\\\/fr\\\/#website\",\"url\":\"https:\\\/\\\/canjan.com\\\/fr\\\/\",\"name\":\"Can-Jan Inc.\",\"description\":\"Leaders in the field of commercial cleaning\",\"publisher\":{\"@id\":\"https:\\\/\\\/canjan.com\\\/fr\\\/#organization\"},\"potentialAction\":[{\"@type\":\"SearchAction\",\"target\":{\"@type\":\"EntryPoint\",\"urlTemplate\":\"https:\\\/\\\/canjan.com\\\/fr\\\/?s={search_term_string}\"},\"query-input\":{\"@type\":\"PropertyValueSpecification\",\"valueRequired\":true,\"valueName\":\"search_term_string\"}}],\"inLanguage\":\"fr-FR\"},{\"@type\":\"Organization\",\"@id\":\"https:\\\/\\\/canjan.com\\\/fr\\\/#organization\",\"name\":\"Can-Jan Inc.\",\"url\":\"https:\\\/\\\/canjan.com\\\/fr\\\/\",\"logo\":{\"@type\":\"ImageObject\",\"inLanguage\":\"fr-FR\",\"@id\":\"https:\\\/\\\/canjan.com\\\/fr\\\/#\\\/schema\\\/logo\\\/image\\\/\",\"url\":\"https:\\\/\\\/canjan.com\\\/wp-content\\\/uploads\\\/2021\\\/01\\\/Canjan_logo_notext_lowres.jpg\",\"contentUrl\":\"https:\\\/\\\/canjan.com\\\/wp-content\\\/uploads\\\/2021\\\/01\\\/Canjan_logo_notext_lowres.jpg\",\"width\":240,\"height\":240,\"caption\":\"Can-Jan Inc.\"},\"image\":{\"@id\":\"https:\\\/\\\/canjan.com\\\/fr\\\/#\\\/schema\\\/logo\\\/image\\\/\"},\"sameAs\":[\"https:\\\/\\\/www.facebook.com\\\/canjaninc\",\"https:\\\/\\\/x.com\\\/canjaninc\",\"https:\\\/\\\/www.instagram.com\\\/canjaninc\\\/\",\"https:\\\/\\\/www.linkedin.com\\\/company\\\/can-jan-inc-\"]},{\"@type\":\"Person\",\"@id\":\"https:\\\/\\\/canjan.com\\\/fr\\\/#\\\/schema\\\/person\\\/1c0ee754747b88278d8e1ed785635cdc\",\"name\":\"Ryan Hayes\"}]}<\/script>\n<!-- \/ Yoast SEO plugin. -->","yoast_head_json":{"title":"Soumission gratuite \u2013 CAN-JAN Services de nettoyage","description":"Demandez votre soumission gratuit - Services de conciergerie commerciale- D\u00e9sinfection COVID-19 - Bureaux - Entrep\u00f4ts - Service 24\/7","robots":{"index":"index","follow":"follow","max-snippet":"max-snippet:-1","max-image-preview":"max-image-preview:large","max-video-preview":"max-video-preview:-1"},"canonical":"https:\/\/canjan.com\/fr\/demandez-une-soumission-gratuite\/","og_locale":"fr_FR","og_type":"article","og_title":"Soumission gratuite \u2013 CAN-JAN Services de nettoyage","og_description":"Demandez votre soumission gratuit - Services de conciergerie commerciale- D\u00e9sinfection COVID-19 - Bureaux - Entrep\u00f4ts - Service 24\/7","og_url":"https:\/\/canjan.com\/fr\/demandez-une-soumission-gratuite\/","og_site_name":"Can-Jan Inc.","article_publisher":"https:\/\/www.facebook.com\/canjaninc","article_modified_time":"2026-03-20T19:40:44+00:00","twitter_card":"summary_large_image","twitter_site":"@canjaninc","twitter_misc":{"Dur\u00e9e de lecture estim\u00e9e":"2 minutes"},"schema":{"@context":"https:\/\/schema.org","@graph":[{"@type":"Article","@id":"https:\/\/canjan.com\/fr\/demandez-une-soumission-gratuite\/#article","isPartOf":{"@id":"https:\/\/canjan.com\/fr\/demandez-une-soumission-gratuite\/"},"author":{"name":"Ryan Hayes","@id":"https:\/\/canjan.com\/fr\/#\/schema\/person\/1c0ee754747b88278d8e1ed785635cdc"},"headline":"Demandez votre soumission gratuit","datePublished":"2020-07-07T14:29:38+00:00","dateModified":"2026-03-20T19:40:44+00:00","mainEntityOfPage":{"@id":"https:\/\/canjan.com\/fr\/demandez-une-soumission-gratuite\/"},"wordCount":726,"publisher":{"@id":"https:\/\/canjan.com\/fr\/#organization"},"inLanguage":"fr-FR"},{"@type":"WebPage","@id":"https:\/\/canjan.com\/fr\/demandez-une-soumission-gratuite\/","url":"https:\/\/canjan.com\/fr\/demandez-une-soumission-gratuite\/","name":"Soumission gratuite \u2013 CAN-JAN Services de nettoyage","isPartOf":{"@id":"https:\/\/canjan.com\/fr\/#website"},"datePublished":"2020-07-07T14:29:38+00:00","dateModified":"2026-03-20T19:40:44+00:00","description":"Demandez votre soumission gratuit - Services de conciergerie commerciale- D\u00e9sinfection COVID-19 - Bureaux - Entrep\u00f4ts - Service 24\/7","breadcrumb":{"@id":"https:\/\/canjan.com\/fr\/demandez-une-soumission-gratuite\/#breadcrumb"},"inLanguage":"fr-FR","potentialAction":[{"@type":"ReadAction","target":["https:\/\/canjan.com\/fr\/demandez-une-soumission-gratuite\/"]}]},{"@type":"BreadcrumbList","@id":"https:\/\/canjan.com\/fr\/demandez-une-soumission-gratuite\/#breadcrumb","itemListElement":[{"@type":"ListItem","position":1,"name":"Home","item":"https:\/\/canjan.com\/fr\/"},{"@type":"ListItem","position":2,"name":"Demandez votre soumission gratuit"}]},{"@type":"WebSite","@id":"https:\/\/canjan.com\/fr\/#website","url":"https:\/\/canjan.com\/fr\/","name":"Can-Jan Inc.","description":"Leaders in the field of commercial cleaning","publisher":{"@id":"https:\/\/canjan.com\/fr\/#organization"},"potentialAction":[{"@type":"SearchAction","target":{"@type":"EntryPoint","urlTemplate":"https:\/\/canjan.com\/fr\/?s={search_term_string}"},"query-input":{"@type":"PropertyValueSpecification","valueRequired":true,"valueName":"search_term_string"}}],"inLanguage":"fr-FR"},{"@type":"Organization","@id":"https:\/\/canjan.com\/fr\/#organization","name":"Can-Jan Inc.","url":"https:\/\/canjan.com\/fr\/","logo":{"@type":"ImageObject","inLanguage":"fr-FR","@id":"https:\/\/canjan.com\/fr\/#\/schema\/logo\/image\/","url":"https:\/\/canjan.com\/wp-content\/uploads\/2021\/01\/Canjan_logo_notext_lowres.jpg","contentUrl":"https:\/\/canjan.com\/wp-content\/uploads\/2021\/01\/Canjan_logo_notext_lowres.jpg","width":240,"height":240,"caption":"Can-Jan Inc."},"image":{"@id":"https:\/\/canjan.com\/fr\/#\/schema\/logo\/image\/"},"sameAs":["https:\/\/www.facebook.com\/canjaninc","https:\/\/x.com\/canjaninc","https:\/\/www.instagram.com\/canjaninc\/","https:\/\/www.linkedin.com\/company\/can-jan-inc-"]},{"@type":"Person","@id":"https:\/\/canjan.com\/fr\/#\/schema\/person\/1c0ee754747b88278d8e1ed785635cdc","name":"Ryan Hayes"}]}},"_links":{"self":[{"href":"https:\/\/canjan.com\/fr\/wp-json\/wp\/v2\/pages\/3240","targetHints":{"allow":["GET"]}}],"collection":[{"href":"https:\/\/canjan.com\/fr\/wp-json\/wp\/v2\/pages"}],"about":[{"href":"https:\/\/canjan.com\/fr\/wp-json\/wp\/v2\/types\/page"}],"author":[{"embeddable":true,"href":"https:\/\/canjan.com\/fr\/wp-json\/wp\/v2\/users\/2"}],"replies":[{"embeddable":true,"href":"https:\/\/canjan.com\/fr\/wp-json\/wp\/v2\/comments?post=3240"}],"version-history":[{"count":4,"href":"https:\/\/canjan.com\/fr\/wp-json\/wp\/v2\/pages\/3240\/revisions"}],"predecessor-version":[{"id":4559,"href":"https:\/\/canjan.com\/fr\/wp-json\/wp\/v2\/pages\/3240\/revisions\/4559"}],"wp:attachment":[{"href":"https:\/\/canjan.com\/fr\/wp-json\/wp\/v2\/media?parent=3240"}],"curies":[{"name":"wp","href":"https:\/\/api.w.org\/{rel}","templated":true}]}}